{"id":7,"date":"2020-11-23T20:17:47","date_gmt":"2020-11-23T20:17:47","guid":{"rendered":"http:\/\/www.lotnisko-karlino.pl\/?page_id=7"},"modified":"2020-11-23T20:30:47","modified_gmt":"2020-11-23T20:30:47","slug":"o-nas","status":"publish","type":"page","link":"https:\/\/www.lotnisko-karlino.pl\/index.php\/o-nas\/","title":{"rendered":"O nas"},"content":{"rendered":"\n<p>L\u0105dowisko Karlino to nowo budowane miejsce kt\u00f3re ma s\u0142u\u017cy\u0107 pocz\u0105tkowo ruchowi samolot\u00f3w sportowych, szkoleniom do licencji pilota a w niedalekiej przysz\u0142o\u015bci ruchowi ma\u0142ych samolot\u00f3w biznesowych, taks\u00f3wek powietrznych i komunikacji dla biznesu. <\/p>\n","protected":false},"excerpt":{"rendered":"<p>L\u0105dowisko Karlino to nowo budowane miejsce kt\u00f3re ma s\u0142u\u017cy\u0107 pocz\u0105tkowo ruchowi samolot\u00f3w sportowych, szkoleniom do licencji pilota a w niedalekiej<\/p>\n","protected":false},"author":1,"featured_media":0,"parent":0,"menu_order":0,"comment_status":"closed","ping_status":"closed","template":"","meta":{"footnotes":""},"class_list":["post-7","page","type-page","status-publish","hentry","comments-off"],"_links":{"self":[{"href":"https:\/\/www.lotnisko-karlino.pl\/index.php\/wp-json\/wp\/v2\/pages\/7"}],"collection":[{"href":"https:\/\/www.lotnisko-karlino.pl\/index.php\/wp-json\/wp\/v2\/pages"}],"about":[{"href":"https:\/\/www.lotnisko-karlino.pl\/index.php\/wp-json\/wp\/v2\/types\/page"}],"author":[{"embeddable":true,"href":"https:\/\/www.lotnisko-karlino.pl\/index.php\/wp-json\/wp\/v2\/users\/1"}],"replies":[{"embeddable":true,"href":"https:\/\/www.lotnisko-karlino.pl\/index.php\/wp-json\/wp\/v2\/comments?post=7"}],"version-history":[{"count":2,"href":"https:\/\/www.lotnisko-karlino.pl\/index.php\/wp-json\/wp\/v2\/pages\/7\/revisions"}],"predecessor-version":[{"id":32,"href":"https:\/\/www.lotnisko-karlino.pl\/index.php\/wp-json\/wp\/v2\/pages\/7\/revisions\/32"}],"wp:attachment":[{"href":"https:\/\/www.lotnisko-karlino.pl\/index.php\/wp-json\/wp\/v2\/media?parent=7"}],"curies":[{"name":"wp","href":"https:\/\/api.w.org\/{rel}","templated":true}]}}